{"id":3024,"date":"2023-02-01T09:36:07","date_gmt":"2023-02-01T14:36:07","guid":{"rendered":"https:\/\/misparceros.com\/clemenza\/product\/pimenton-confitado\/"},"modified":"2023-02-01T09:36:07","modified_gmt":"2023-02-01T14:36:07","slug":"pimenton-confitado","status":"publish","type":"product","link":"https:\/\/misparceros.com\/clemenza\/product\/pimenton-confitado\/","title":{"rendered":"PIMENT\u00d3N CONFITADO"},"content":{"rendered":"","protected":false},"excerpt":{"rendered":"<p>PIMENT\u00d3N ESCALIVADO Y GLASEADO EN UNA COCCI\u00d3N LENTA<br \/>\nPARA ACTIVAR TUS SENTIDOS.<\/p>\n","protected":false},"featured_media":2993,"comment_status":"open","ping_status":"closed","template":"","meta":{"_kadence_starter_templates_imported_post":false,"_kad_post_transparent":"","_kad_post_title":"","_kad_post_layout":"","_kad_post_sidebar_id":"","_kad_post_content_style":"","_kad_post_vertical_padding":"","_kad_post_feature":"","_kad_post_feature_position":"","_kad_post_header":false,"_kad_post_footer":false,"_kad_post_classname":""},"product_cat":[50],"product_tag":[],"class_list":{"0":"post-3024","1":"product","2":"type-product","3":"status-publish","4":"has-post-thumbnail","6":"product_cat-extras","8":"first","9":"instock","10":"taxable","11":"shipping-taxable","12":"purchasable","13":"product-type-simple","14":"entry","15":"content-bg","16":"loop-entry"},"jetpack_sharing_enabled":true,"_links":{"self":[{"href":"https:\/\/misparceros.com\/clemenza\/wp-json\/wp\/v2\/product\/3024","targetHints":{"allow":["GET"]}}],"collection":[{"href":"https:\/\/misparceros.com\/clemenza\/wp-json\/wp\/v2\/product"}],"about":[{"href":"https:\/\/misparceros.com\/clemenza\/wp-json\/wp\/v2\/types\/product"}],"replies":[{"embeddable":true,"href":"https:\/\/misparceros.com\/clemenza\/wp-json\/wp\/v2\/comments?post=3024"}],"wp:featuredmedia":[{"embeddable":true,"href":"https:\/\/misparceros.com\/clemenza\/wp-json\/wp\/v2\/media\/2993"}],"wp:attachment":[{"href":"https:\/\/misparceros.com\/clemenza\/wp-json\/wp\/v2\/media?parent=3024"}],"wp:term":[{"taxonomy":"product_cat","embeddable":true,"href":"https:\/\/misparceros.com\/clemenza\/wp-json\/wp\/v2\/product_cat?post=3024"},{"taxonomy":"product_tag","embeddable":true,"href":"https:\/\/misparceros.com\/clemenza\/wp-json\/wp\/v2\/product_tag?post=3024"}],"curies":[{"name":"wp","href":"https:\/\/api.w.org\/{rel}","templated":true}]}}