{"id":3891,"date":"2023-04-19T08:43:53","date_gmt":"2023-04-19T13:43:53","guid":{"rendered":"https:\/\/misparceros.com\/bonsaisushi\/product\/promo-22x22k\/"},"modified":"2023-04-19T08:43:53","modified_gmt":"2023-04-19T13:43:53","slug":"promo-22x22k","status":"publish","type":"product","link":"https:\/\/misparceros.com\/bonsaisushi\/product\/promo-22x22k\/","title":{"rendered":"promo 22x22k"},"content":{"rendered":"","protected":false},"excerpt":{"rendered":"<p>12 Robalo nik\u00e9y (queso crema, aguacat y pesca blanca, ba\u00f1ado en salsa nikey) + 10 pl\u00e1tano roll(queso crema. cangrejo y vegetales. toppings de tajadas)<\/p>\n","protected":false},"featured_media":3703,"comment_status":"open","ping_status":"closed","template":"","meta":{"_kad_post_transparent":"","_kad_post_title":"","_kad_post_layout":"","_kad_post_sidebar_id":"","_kad_post_content_style":"","_kad_post_vertical_padding":"","_kad_post_feature":"","_kad_post_feature_position":"","_kad_post_header":false,"_kad_post_footer":false,"_kad_post_classname":""},"product_cat":[50],"product_tag":[],"class_list":{"0":"post-3891","1":"product","2":"type-product","3":"status-publish","4":"has-post-thumbnail","6":"product_cat-promociones","8":"first","9":"instock","10":"taxable","11":"shipping-taxable","12":"purchasable","13":"product-type-simple","14":"entry","15":"content-bg","16":"loop-entry"},"jetpack_sharing_enabled":true,"_links":{"self":[{"href":"https:\/\/misparceros.com\/bonsaisushi\/wp-json\/wp\/v2\/product\/3891","targetHints":{"allow":["GET"]}}],"collection":[{"href":"https:\/\/misparceros.com\/bonsaisushi\/wp-json\/wp\/v2\/product"}],"about":[{"href":"https:\/\/misparceros.com\/bonsaisushi\/wp-json\/wp\/v2\/types\/product"}],"replies":[{"embeddable":true,"href":"https:\/\/misparceros.com\/bonsaisushi\/wp-json\/wp\/v2\/comments?post=3891"}],"wp:featuredmedia":[{"embeddable":true,"href":"https:\/\/misparceros.com\/bonsaisushi\/wp-json\/wp\/v2\/media\/3703"}],"wp:attachment":[{"href":"https:\/\/misparceros.com\/bonsaisushi\/wp-json\/wp\/v2\/media?parent=3891"}],"wp:term":[{"taxonomy":"product_cat","embeddable":true,"href":"https:\/\/misparceros.com\/bonsaisushi\/wp-json\/wp\/v2\/product_cat?post=3891"},{"taxonomy":"product_tag","embeddable":true,"href":"https:\/\/misparceros.com\/bonsaisushi\/wp-json\/wp\/v2\/product_tag?post=3891"}],"curies":[{"name":"wp","href":"https:\/\/api.w.org\/{rel}","templated":true}]}}